{"id":8823,"date":"2021-01-16T11:45:41","date_gmt":"2021-01-16T10:45:41","guid":{"rendered":"https:\/\/solistarp.com\/bureaumarket\/?post_type=product&#038;p=8823"},"modified":"2021-01-19T18:05:08","modified_gmt":"2021-01-19T17:05:08","slug":"jarvfjallet-chaise-de-bureau-av-accoudoirs","status":"publish","type":"product","link":"https:\/\/solistarp.com\/bureaumarket\/product\/jarvfjallet-chaise-de-bureau-av-accoudoirs\/","title":{"rendered":"J\u00c4RVFJ\u00c4LLET Chaise de bureau"},"content":{"rendered":"<p class=\"range-revamp-product-summary__description\">Les morphologies varient, c\u2019est pourquoi J\u00c4RVFJ\u00c4LLET vous permet de r\u00e9gler l\u2019appuie-t\u00eate, le soutien lombaire, ainsi que la hauteur et la profondeur de l\u2019assise, pour que cette chaise s\u2019adapte parfaitement \u00e0 vos besoins.<\/p>\n","protected":false},"excerpt":{"rendered":"<p>Les morphologies varient, c\u2019est pourquoi J\u00c4RVFJ\u00c4LLET vous permet de r\u00e9gler l\u2019appuie-t\u00eate, le soutien lombaire, ainsi que la hauteur et la profondeur de l\u2019assise, pour que cette chaise s\u2019adapte parfaitement \u00e0 vos besoins.<\/p>\n","protected":false},"featured_media":8830,"comment_status":"open","ping_status":"closed","template":"","meta":[],"yoast_head":"<!-- This site is optimized with the Yoast SEO plugin v15.9.2 - https:\/\/yoast.com\/wordpress\/plugins\/seo\/ -->\n<title>J\u00c4RVFJ\u00c4LLET Chaise de bureau - Bureau Market<\/title>\n<meta name=\"robots\" content=\"index, follow, max-snippet:-1, max-image-preview:large, max-video-preview:-1\" \/>\n<link rel=\"canonical\" href=\"https:\/\/solistarp.com\/bureaumarket\/product\/jarvfjallet-chaise-de-bureau-av-accoudoirs\/\" \/>\n<meta property=\"og:locale\" content=\"fr_FR\" \/>\n<meta property=\"og:type\" content=\"article\" \/>\n<meta property=\"og:title\" content=\"J\u00c4RVFJ\u00c4LLET Chaise de bureau - Bureau Market\" \/>\n<meta property=\"og:description\" content=\"Les morphologies varient, c\u2019est pourquoi J\u00c4RVFJ\u00c4LLET vous permet de r\u00e9gler l\u2019appuie-t\u00eate, le soutien lombaire, ainsi que la hauteur et la profondeur de l\u2019assise, pour que cette chaise s\u2019adapte parfaitement \u00e0 vos besoins.\" \/>\n<meta property=\"og:url\" content=\"https:\/\/solistarp.com\/bureaumarket\/product\/jarvfjallet-chaise-de-bureau-av-accoudoirs\/\" \/>\n<meta property=\"og:site_name\" content=\"Bureau Market\" \/>\n<meta property=\"article:modified_time\" content=\"2021-01-19T17:05:08+00:00\" \/>\n<meta property=\"og:image\" content=\"https:\/\/solistarp.com\/bureaumarket\/wp-content\/uploads\/2021\/01\/Untitled-3.png\" \/>\n\t<meta property=\"og:image:width\" content=\"300\" \/>\n\t<meta property=\"og:image:height\" content=\"300\" \/>\n<meta name=\"twitter:card\" content=\"summary_large_image\" \/>\n<meta name=\"twitter:label1\" content=\"Dur\u00e9e de lecture est.\">\n\t<meta name=\"twitter:data1\" content=\"1 minute\">\n<script type=\"application\/ld+json\" class=\"yoast-schema-graph\">{\"@context\":\"https:\/\/schema.org\",\"@graph\":[{\"@type\":\"WebSite\",\"@id\":\"https:\/\/solistarp.com\/bureaumarket\/#website\",\"url\":\"https:\/\/solistarp.com\/bureaumarket\/\",\"name\":\"Bureau Market\",\"description\":\"\",\"potentialAction\":[{\"@type\":\"SearchAction\",\"target\":\"https:\/\/solistarp.com\/bureaumarket\/?s={search_term_string}\",\"query-input\":\"required name=search_term_string\"}],\"inLanguage\":\"fr-FR\"},{\"@type\":\"ImageObject\",\"@id\":\"https:\/\/solistarp.com\/bureaumarket\/product\/jarvfjallet-chaise-de-bureau-av-accoudoirs\/#primaryimage\",\"inLanguage\":\"fr-FR\",\"url\":\"https:\/\/solistarp.com\/bureaumarket\/wp-content\/uploads\/2021\/01\/Untitled-3.png\",\"width\":300,\"height\":300},{\"@type\":\"WebPage\",\"@id\":\"https:\/\/solistarp.com\/bureaumarket\/product\/jarvfjallet-chaise-de-bureau-av-accoudoirs\/#webpage\",\"url\":\"https:\/\/solistarp.com\/bureaumarket\/product\/jarvfjallet-chaise-de-bureau-av-accoudoirs\/\",\"name\":\"J\\u00c4RVFJ\\u00c4LLET Chaise de bureau - Bureau Market\",\"isPartOf\":{\"@id\":\"https:\/\/solistarp.com\/bureaumarket\/#website\"},\"primaryImageOfPage\":{\"@id\":\"https:\/\/solistarp.com\/bureaumarket\/product\/jarvfjallet-chaise-de-bureau-av-accoudoirs\/#primaryimage\"},\"datePublished\":\"2021-01-16T10:45:41+00:00\",\"dateModified\":\"2021-01-19T17:05:08+00:00\",\"breadcrumb\":{\"@id\":\"https:\/\/solistarp.com\/bureaumarket\/product\/jarvfjallet-chaise-de-bureau-av-accoudoirs\/#breadcrumb\"},\"inLanguage\":\"fr-FR\",\"potentialAction\":[{\"@type\":\"ReadAction\",\"target\":[\"https:\/\/solistarp.com\/bureaumarket\/product\/jarvfjallet-chaise-de-bureau-av-accoudoirs\/\"]}]},{\"@type\":\"BreadcrumbList\",\"@id\":\"https:\/\/solistarp.com\/bureaumarket\/product\/jarvfjallet-chaise-de-bureau-av-accoudoirs\/#breadcrumb\",\"itemListElement\":[{\"@type\":\"ListItem\",\"position\":1,\"item\":{\"@type\":\"WebPage\",\"@id\":\"https:\/\/solistarp.com\/bureaumarket\/\",\"url\":\"https:\/\/solistarp.com\/bureaumarket\/\",\"name\":\"Home\"}},{\"@type\":\"ListItem\",\"position\":2,\"item\":{\"@type\":\"WebPage\",\"@id\":\"https:\/\/solistarp.com\/bureaumarket\/shop\/\",\"url\":\"https:\/\/solistarp.com\/bureaumarket\/shop\/\",\"name\":\"Magasin\"}},{\"@type\":\"ListItem\",\"position\":3,\"item\":{\"@type\":\"WebPage\",\"@id\":\"https:\/\/solistarp.com\/bureaumarket\/product\/jarvfjallet-chaise-de-bureau-av-accoudoirs\/\",\"url\":\"https:\/\/solistarp.com\/bureaumarket\/product\/jarvfjallet-chaise-de-bureau-av-accoudoirs\/\",\"name\":\"J\\u00c4RVFJ\\u00c4LLET Chaise de bureau\"}}]}]}<\/script>\n<!-- \/ Yoast SEO plugin. -->","_links":{"self":[{"href":"https:\/\/solistarp.com\/bureaumarket\/wp-json\/wp\/v2\/product\/8823"}],"collection":[{"href":"https:\/\/solistarp.com\/bureaumarket\/wp-json\/wp\/v2\/product"}],"about":[{"href":"https:\/\/solistarp.com\/bureaumarket\/wp-json\/wp\/v2\/types\/product"}],"replies":[{"embeddable":true,"href":"https:\/\/solistarp.com\/bureaumarket\/wp-json\/wp\/v2\/comments?post=8823"}],"wp:featuredmedia":[{"embeddable":true,"href":"https:\/\/solistarp.com\/bureaumarket\/wp-json\/wp\/v2\/media\/8830"}],"wp:attachment":[{"href":"https:\/\/solistarp.com\/bureaumarket\/wp-json\/wp\/v2\/media?parent=8823"}],"curies":[{"name":"wp","href":"https:\/\/api.w.org\/{rel}","templated":true}]}}