{"id":8820,"date":"2021-01-16T11:40:05","date_gmt":"2021-01-16T10:40:05","guid":{"rendered":"https:\/\/solistarp.com\/bureaumarket\/?post_type=product&#038;p=8820"},"modified":"2021-01-16T12:47:10","modified_gmt":"2021-01-16T11:47:10","slug":"markus-chaise-de-bureau-glose-noir","status":"publish","type":"product","link":"https:\/\/solistarp.com\/bureaumarket\/product\/markus-chaise-de-bureau-glose-noir\/","title":{"rendered":"MARKUS Chaise de bureau, Glose noir"},"content":{"rendered":"<p class=\"range-revamp-product-summary__description\">Ajustez la hauteur et l&#8217;angle d&#8217;inclinaison de votre chaise pour \u00eatre confortablement install\u00e9 tout au long de la journ\u00e9e de travail. La structure du dossier laisse circuler l&#8217;air, pour rester au frais m\u00eame lorsque la pression monte.<\/p>\n","protected":false},"excerpt":{"rendered":"<p>Ajustez la hauteur et l&#8217;angle d&#8217;inclinaison de votre chaise pour \u00eatre confortablement install\u00e9 tout au long de la journ\u00e9e de travail. La structure du dossier laisse circuler l&#8217;air, pour rester au frais m\u00eame lorsque la pression monte.<\/p>\n","protected":false},"featured_media":8834,"comment_status":"open","ping_status":"closed","template":"","meta":[],"yoast_head":"<!-- This site is optimized with the Yoast SEO plugin v15.9.2 - https:\/\/yoast.com\/wordpress\/plugins\/seo\/ -->\n<title>MARKUS Chaise de bureau, Glose noir - Bureau Market<\/title>\n<meta name=\"robots\" content=\"index, follow, max-snippet:-1, max-image-preview:large, max-video-preview:-1\" \/>\n<link rel=\"canonical\" href=\"https:\/\/solistarp.com\/bureaumarket\/product\/markus-chaise-de-bureau-glose-noir\/\" \/>\n<meta property=\"og:locale\" content=\"fr_FR\" \/>\n<meta property=\"og:type\" content=\"article\" \/>\n<meta property=\"og:title\" content=\"MARKUS Chaise de bureau, Glose noir - Bureau Market\" \/>\n<meta property=\"og:description\" content=\"Ajustez la hauteur et l&#8217;angle d&#8217;inclinaison de votre chaise pour \u00eatre confortablement install\u00e9 tout au long de la journ\u00e9e de travail. La structure du dossier laisse circuler l&#8217;air, pour rester au frais m\u00eame lorsque la pression monte.\" \/>\n<meta property=\"og:url\" content=\"https:\/\/solistarp.com\/bureaumarket\/product\/markus-chaise-de-bureau-glose-noir\/\" \/>\n<meta property=\"og:site_name\" content=\"Bureau Market\" \/>\n<meta property=\"article:modified_time\" content=\"2021-01-16T11:47:10+00:00\" \/>\n<meta property=\"og:image\" content=\"https:\/\/solistarp.com\/bureaumarket\/wp-content\/uploads\/2021\/01\/1512.png\" \/>\n\t<meta property=\"og:image:width\" content=\"300\" \/>\n\t<meta property=\"og:image:height\" content=\"300\" \/>\n<meta name=\"twitter:card\" content=\"summary_large_image\" \/>\n<meta name=\"twitter:label1\" content=\"Dur\u00e9e de lecture est.\">\n\t<meta name=\"twitter:data1\" content=\"1 minute\">\n<script type=\"application\/ld+json\" class=\"yoast-schema-graph\">{\"@context\":\"https:\/\/schema.org\",\"@graph\":[{\"@type\":\"WebSite\",\"@id\":\"https:\/\/solistarp.com\/bureaumarket\/#website\",\"url\":\"https:\/\/solistarp.com\/bureaumarket\/\",\"name\":\"Bureau Market\",\"description\":\"\",\"potentialAction\":[{\"@type\":\"SearchAction\",\"target\":\"https:\/\/solistarp.com\/bureaumarket\/?s={search_term_string}\",\"query-input\":\"required name=search_term_string\"}],\"inLanguage\":\"fr-FR\"},{\"@type\":\"ImageObject\",\"@id\":\"https:\/\/solistarp.com\/bureaumarket\/product\/markus-chaise-de-bureau-glose-noir\/#primaryimage\",\"inLanguage\":\"fr-FR\",\"url\":\"https:\/\/solistarp.com\/bureaumarket\/wp-content\/uploads\/2021\/01\/1512.png\",\"width\":300,\"height\":300},{\"@type\":\"WebPage\",\"@id\":\"https:\/\/solistarp.com\/bureaumarket\/product\/markus-chaise-de-bureau-glose-noir\/#webpage\",\"url\":\"https:\/\/solistarp.com\/bureaumarket\/product\/markus-chaise-de-bureau-glose-noir\/\",\"name\":\"MARKUS Chaise de bureau, Glose noir - Bureau Market\",\"isPartOf\":{\"@id\":\"https:\/\/solistarp.com\/bureaumarket\/#website\"},\"primaryImageOfPage\":{\"@id\":\"https:\/\/solistarp.com\/bureaumarket\/product\/markus-chaise-de-bureau-glose-noir\/#primaryimage\"},\"datePublished\":\"2021-01-16T10:40:05+00:00\",\"dateModified\":\"2021-01-16T11:47:10+00:00\",\"breadcrumb\":{\"@id\":\"https:\/\/solistarp.com\/bureaumarket\/product\/markus-chaise-de-bureau-glose-noir\/#breadcrumb\"},\"inLanguage\":\"fr-FR\",\"potentialAction\":[{\"@type\":\"ReadAction\",\"target\":[\"https:\/\/solistarp.com\/bureaumarket\/product\/markus-chaise-de-bureau-glose-noir\/\"]}]},{\"@type\":\"BreadcrumbList\",\"@id\":\"https:\/\/solistarp.com\/bureaumarket\/product\/markus-chaise-de-bureau-glose-noir\/#breadcrumb\",\"itemListElement\":[{\"@type\":\"ListItem\",\"position\":1,\"item\":{\"@type\":\"WebPage\",\"@id\":\"https:\/\/solistarp.com\/bureaumarket\/\",\"url\":\"https:\/\/solistarp.com\/bureaumarket\/\",\"name\":\"Home\"}},{\"@type\":\"ListItem\",\"position\":2,\"item\":{\"@type\":\"WebPage\",\"@id\":\"https:\/\/solistarp.com\/bureaumarket\/shop\/\",\"url\":\"https:\/\/solistarp.com\/bureaumarket\/shop\/\",\"name\":\"Magasin\"}},{\"@type\":\"ListItem\",\"position\":3,\"item\":{\"@type\":\"WebPage\",\"@id\":\"https:\/\/solistarp.com\/bureaumarket\/product\/markus-chaise-de-bureau-glose-noir\/\",\"url\":\"https:\/\/solistarp.com\/bureaumarket\/product\/markus-chaise-de-bureau-glose-noir\/\",\"name\":\"MARKUS Chaise de bureau, Glose noir\"}}]}]}<\/script>\n<!-- \/ Yoast SEO plugin. -->","_links":{"self":[{"href":"https:\/\/solistarp.com\/bureaumarket\/wp-json\/wp\/v2\/product\/8820"}],"collection":[{"href":"https:\/\/solistarp.com\/bureaumarket\/wp-json\/wp\/v2\/product"}],"about":[{"href":"https:\/\/solistarp.com\/bureaumarket\/wp-json\/wp\/v2\/types\/product"}],"replies":[{"embeddable":true,"href":"https:\/\/solistarp.com\/bureaumarket\/wp-json\/wp\/v2\/comments?post=8820"}],"wp:featuredmedia":[{"embeddable":true,"href":"https:\/\/solistarp.com\/bureaumarket\/wp-json\/wp\/v2\/media\/8834"}],"wp:attachment":[{"href":"https:\/\/solistarp.com\/bureaumarket\/wp-json\/wp\/v2\/media?parent=8820"}],"curies":[{"name":"wp","href":"https:\/\/api.w.org\/{rel}","templated":true}]}}