{"id":8819,"date":"2021-01-16T11:28:48","date_gmt":"2021-01-16T10:28:48","guid":{"rendered":"https:\/\/solistarp.com\/bureaumarket\/?post_type=product&#038;p=8819"},"modified":"2021-01-16T12:47:38","modified_gmt":"2021-01-16T11:47:38","slug":"cross-botanica-lys-vert-stylo-bille-rechargeable","status":"publish","type":"product","link":"https:\/\/solistarp.com\/bureaumarket\/product\/cross-botanica-lys-vert-stylo-bille-rechargeable\/","title":{"rendered":"CROSS Botanica Lys vert &#8211; Stylo bille rechargeable"},"content":{"rendered":"<p><span class=\"a-list-item\">Laissez-vous s\u00e9duire par les chatoyantes fleurs vertes de l&#8217;audacieuse collection Botanica : inspir\u00e9e par les dessins au henn\u00e9 et des soup\u00e7ons turquoise ce stylo bille constitue le cadeau id\u00e9al<\/span><\/p>\n","protected":false},"excerpt":{"rendered":"<p>Laissez-vous s\u00e9duire par les chatoyantes fleurs vertes de l&#8217;audacieuse collection Botanica : inspir\u00e9e par les dessins au henn\u00e9 et des soup\u00e7ons turquoise ce stylo bille constitue le cadeau id\u00e9al<\/p>\n","protected":false},"featured_media":8801,"comment_status":"open","ping_status":"closed","template":"","meta":[],"yoast_head":"<!-- This site is optimized with the Yoast SEO plugin v15.9.2 - https:\/\/yoast.com\/wordpress\/plugins\/seo\/ -->\n<title>CROSS Botanica Lys vert - Stylo bille rechargeable - Bureau Market<\/title>\n<meta name=\"robots\" content=\"index, follow, max-snippet:-1, max-image-preview:large, max-video-preview:-1\" \/>\n<link rel=\"canonical\" href=\"https:\/\/solistarp.com\/bureaumarket\/product\/cross-botanica-lys-vert-stylo-bille-rechargeable\/\" \/>\n<meta property=\"og:locale\" content=\"fr_FR\" \/>\n<meta property=\"og:type\" content=\"article\" \/>\n<meta property=\"og:title\" content=\"CROSS Botanica Lys vert - Stylo bille rechargeable - Bureau Market\" \/>\n<meta property=\"og:description\" content=\"Laissez-vous s\u00e9duire par les chatoyantes fleurs vertes de l&#8217;audacieuse collection Botanica : inspir\u00e9e par les dessins au henn\u00e9 et des soup\u00e7ons turquoise ce stylo bille constitue le cadeau id\u00e9al\" \/>\n<meta property=\"og:url\" content=\"https:\/\/solistarp.com\/bureaumarket\/product\/cross-botanica-lys-vert-stylo-bille-rechargeable\/\" \/>\n<meta property=\"og:site_name\" content=\"Bureau Market\" \/>\n<meta property=\"article:modified_time\" content=\"2021-01-16T11:47:38+00:00\" \/>\n<meta property=\"og:image\" content=\"https:\/\/solistarp.com\/bureaumarket\/wp-content\/uploads\/2021\/01\/stylos-png.png\" \/>\n\t<meta property=\"og:image:width\" content=\"300\" \/>\n\t<meta property=\"og:image:height\" content=\"300\" \/>\n<meta name=\"twitter:card\" content=\"summary_large_image\" \/>\n<meta name=\"twitter:label1\" content=\"Dur\u00e9e de lecture est.\">\n\t<meta name=\"twitter:data1\" content=\"1 minute\">\n<script type=\"application\/ld+json\" class=\"yoast-schema-graph\">{\"@context\":\"https:\/\/schema.org\",\"@graph\":[{\"@type\":\"WebSite\",\"@id\":\"https:\/\/solistarp.com\/bureaumarket\/#website\",\"url\":\"https:\/\/solistarp.com\/bureaumarket\/\",\"name\":\"Bureau Market\",\"description\":\"\",\"potentialAction\":[{\"@type\":\"SearchAction\",\"target\":\"https:\/\/solistarp.com\/bureaumarket\/?s={search_term_string}\",\"query-input\":\"required name=search_term_string\"}],\"inLanguage\":\"fr-FR\"},{\"@type\":\"ImageObject\",\"@id\":\"https:\/\/solistarp.com\/bureaumarket\/product\/cross-botanica-lys-vert-stylo-bille-rechargeable\/#primaryimage\",\"inLanguage\":\"fr-FR\",\"url\":\"https:\/\/solistarp.com\/bureaumarket\/wp-content\/uploads\/2021\/01\/stylos-png.png\",\"width\":300,\"height\":300},{\"@type\":\"WebPage\",\"@id\":\"https:\/\/solistarp.com\/bureaumarket\/product\/cross-botanica-lys-vert-stylo-bille-rechargeable\/#webpage\",\"url\":\"https:\/\/solistarp.com\/bureaumarket\/product\/cross-botanica-lys-vert-stylo-bille-rechargeable\/\",\"name\":\"CROSS Botanica Lys vert - Stylo bille rechargeable - Bureau Market\",\"isPartOf\":{\"@id\":\"https:\/\/solistarp.com\/bureaumarket\/#website\"},\"primaryImageOfPage\":{\"@id\":\"https:\/\/solistarp.com\/bureaumarket\/product\/cross-botanica-lys-vert-stylo-bille-rechargeable\/#primaryimage\"},\"datePublished\":\"2021-01-16T10:28:48+00:00\",\"dateModified\":\"2021-01-16T11:47:38+00:00\",\"breadcrumb\":{\"@id\":\"https:\/\/solistarp.com\/bureaumarket\/product\/cross-botanica-lys-vert-stylo-bille-rechargeable\/#breadcrumb\"},\"inLanguage\":\"fr-FR\",\"potentialAction\":[{\"@type\":\"ReadAction\",\"target\":[\"https:\/\/solistarp.com\/bureaumarket\/product\/cross-botanica-lys-vert-stylo-bille-rechargeable\/\"]}]},{\"@type\":\"BreadcrumbList\",\"@id\":\"https:\/\/solistarp.com\/bureaumarket\/product\/cross-botanica-lys-vert-stylo-bille-rechargeable\/#breadcrumb\",\"itemListElement\":[{\"@type\":\"ListItem\",\"position\":1,\"item\":{\"@type\":\"WebPage\",\"@id\":\"https:\/\/solistarp.com\/bureaumarket\/\",\"url\":\"https:\/\/solistarp.com\/bureaumarket\/\",\"name\":\"Home\"}},{\"@type\":\"ListItem\",\"position\":2,\"item\":{\"@type\":\"WebPage\",\"@id\":\"https:\/\/solistarp.com\/bureaumarket\/shop\/\",\"url\":\"https:\/\/solistarp.com\/bureaumarket\/shop\/\",\"name\":\"Magasin\"}},{\"@type\":\"ListItem\",\"position\":3,\"item\":{\"@type\":\"WebPage\",\"@id\":\"https:\/\/solistarp.com\/bureaumarket\/product\/cross-botanica-lys-vert-stylo-bille-rechargeable\/\",\"url\":\"https:\/\/solistarp.com\/bureaumarket\/product\/cross-botanica-lys-vert-stylo-bille-rechargeable\/\",\"name\":\"CROSS Botanica Lys vert &#8211; Stylo bille rechargeable\"}}]}]}<\/script>\n<!-- \/ Yoast SEO plugin. -->","_links":{"self":[{"href":"https:\/\/solistarp.com\/bureaumarket\/wp-json\/wp\/v2\/product\/8819"}],"collection":[{"href":"https:\/\/solistarp.com\/bureaumarket\/wp-json\/wp\/v2\/product"}],"about":[{"href":"https:\/\/solistarp.com\/bureaumarket\/wp-json\/wp\/v2\/types\/product"}],"replies":[{"embeddable":true,"href":"https:\/\/solistarp.com\/bureaumarket\/wp-json\/wp\/v2\/comments?post=8819"}],"wp:featuredmedia":[{"embeddable":true,"href":"https:\/\/solistarp.com\/bureaumarket\/wp-json\/wp\/v2\/media\/8801"}],"wp:attachment":[{"href":"https:\/\/solistarp.com\/bureaumarket\/wp-json\/wp\/v2\/media?parent=8819"}],"curies":[{"name":"wp","href":"https:\/\/api.w.org\/{rel}","templated":true}]}}