{"id":8817,"date":"2021-01-16T11:22:10","date_gmt":"2021-01-16T10:22:10","guid":{"rendered":"https:\/\/solistarp.com\/bureaumarket\/?post_type=product&#038;p=8817"},"modified":"2021-01-18T15:29:41","modified_gmt":"2021-01-18T14:29:41","slug":"bureau-luca-juzi-chene-gris-et-blanc","status":"publish","type":"product","link":"https:\/\/solistarp.com\/bureaumarket\/product\/bureau-luca-juzi-chene-gris-et-blanc\/","title":{"rendered":"Bureau LUCA JUZI Ch\u00eane Gris et blanc"},"content":{"rendered":"<p>Bureau de la gamme LUCA JUZI en Blanc et ch\u00eane fonc\u00e9. Le bureau LUCA JUZ, d\u2019aspect raffin\u00e9, est dot\u00e9 d\u2019un espace de rangement spacieux. Le bureau contient un caisson \u00e0 grand tiroir avec poign\u00e9e m\u00e9tallique et deux niches r\u00e9serv\u00e9es pour les livres, les cahiers et d\u2019autres fournitures.<\/p>\n","protected":false},"excerpt":{"rendered":"<p>Bureau de la gamme LUCA JUZI en Blanc et ch\u00eane fonc\u00e9. Le bureau LUCA JUZ, d\u2019aspect raffin\u00e9, est dot\u00e9 d\u2019un espace de rangement spacieux. Le bureau contient un caisson \u00e0 grand tiroir avec poign\u00e9e m\u00e9tallique et deux niches r\u00e9serv\u00e9es pour les livres, les cahiers et d\u2019autres fournitures.<\/p>\n","protected":false},"featured_media":8838,"comment_status":"open","ping_status":"closed","template":"","meta":[],"yoast_head":"<!-- This site is optimized with the Yoast SEO plugin v15.9.2 - https:\/\/yoast.com\/wordpress\/plugins\/seo\/ -->\n<title>Bureau LUCA JUZI Ch\u00eane Gris et blanc - Bureau Market<\/title>\n<meta name=\"robots\" content=\"index, follow, max-snippet:-1, max-image-preview:large, max-video-preview:-1\" \/>\n<link rel=\"canonical\" href=\"https:\/\/solistarp.com\/bureaumarket\/product\/bureau-luca-juzi-chene-gris-et-blanc\/\" \/>\n<meta property=\"og:locale\" content=\"fr_FR\" \/>\n<meta property=\"og:type\" content=\"article\" \/>\n<meta property=\"og:title\" content=\"Bureau LUCA JUZI Ch\u00eane Gris et blanc - Bureau Market\" \/>\n<meta property=\"og:description\" content=\"Bureau de la gamme LUCA JUZI en Blanc et ch\u00eane fonc\u00e9. Le bureau LUCA JUZ, d\u2019aspect raffin\u00e9, est dot\u00e9 d\u2019un espace de rangement spacieux. Le bureau contient un caisson \u00e0 grand tiroir avec poign\u00e9e m\u00e9tallique et deux niches r\u00e9serv\u00e9es pour les livres, les cahiers et d\u2019autres fournitures.\" \/>\n<meta property=\"og:url\" content=\"https:\/\/solistarp.com\/bureaumarket\/product\/bureau-luca-juzi-chene-gris-et-blanc\/\" \/>\n<meta property=\"og:site_name\" content=\"Bureau Market\" \/>\n<meta property=\"article:modified_time\" content=\"2021-01-18T14:29:41+00:00\" \/>\n<meta property=\"og:image\" content=\"https:\/\/solistarp.com\/bureaumarket\/wp-content\/uploads\/2021\/01\/Untitled-8.png\" \/>\n\t<meta property=\"og:image:width\" content=\"300\" \/>\n\t<meta property=\"og:image:height\" content=\"300\" \/>\n<meta name=\"twitter:card\" content=\"summary_large_image\" \/>\n<meta name=\"twitter:label1\" content=\"Dur\u00e9e de lecture est.\">\n\t<meta name=\"twitter:data1\" content=\"1 minute\">\n<script type=\"application\/ld+json\" class=\"yoast-schema-graph\">{\"@context\":\"https:\/\/schema.org\",\"@graph\":[{\"@type\":\"WebSite\",\"@id\":\"https:\/\/solistarp.com\/bureaumarket\/#website\",\"url\":\"https:\/\/solistarp.com\/bureaumarket\/\",\"name\":\"Bureau Market\",\"description\":\"\",\"potentialAction\":[{\"@type\":\"SearchAction\",\"target\":\"https:\/\/solistarp.com\/bureaumarket\/?s={search_term_string}\",\"query-input\":\"required name=search_term_string\"}],\"inLanguage\":\"fr-FR\"},{\"@type\":\"ImageObject\",\"@id\":\"https:\/\/solistarp.com\/bureaumarket\/product\/bureau-luca-juzi-chene-gris-et-blanc\/#primaryimage\",\"inLanguage\":\"fr-FR\",\"url\":\"https:\/\/solistarp.com\/bureaumarket\/wp-content\/uploads\/2021\/01\/Untitled-8.png\",\"width\":300,\"height\":300},{\"@type\":\"WebPage\",\"@id\":\"https:\/\/solistarp.com\/bureaumarket\/product\/bureau-luca-juzi-chene-gris-et-blanc\/#webpage\",\"url\":\"https:\/\/solistarp.com\/bureaumarket\/product\/bureau-luca-juzi-chene-gris-et-blanc\/\",\"name\":\"Bureau LUCA JUZI Ch\\u00eane Gris et blanc - Bureau Market\",\"isPartOf\":{\"@id\":\"https:\/\/solistarp.com\/bureaumarket\/#website\"},\"primaryImageOfPage\":{\"@id\":\"https:\/\/solistarp.com\/bureaumarket\/product\/bureau-luca-juzi-chene-gris-et-blanc\/#primaryimage\"},\"datePublished\":\"2021-01-16T10:22:10+00:00\",\"dateModified\":\"2021-01-18T14:29:41+00:00\",\"breadcrumb\":{\"@id\":\"https:\/\/solistarp.com\/bureaumarket\/product\/bureau-luca-juzi-chene-gris-et-blanc\/#breadcrumb\"},\"inLanguage\":\"fr-FR\",\"potentialAction\":[{\"@type\":\"ReadAction\",\"target\":[\"https:\/\/solistarp.com\/bureaumarket\/product\/bureau-luca-juzi-chene-gris-et-blanc\/\"]}]},{\"@type\":\"BreadcrumbList\",\"@id\":\"https:\/\/solistarp.com\/bureaumarket\/product\/bureau-luca-juzi-chene-gris-et-blanc\/#breadcrumb\",\"itemListElement\":[{\"@type\":\"ListItem\",\"position\":1,\"item\":{\"@type\":\"WebPage\",\"@id\":\"https:\/\/solistarp.com\/bureaumarket\/\",\"url\":\"https:\/\/solistarp.com\/bureaumarket\/\",\"name\":\"Home\"}},{\"@type\":\"ListItem\",\"position\":2,\"item\":{\"@type\":\"WebPage\",\"@id\":\"https:\/\/solistarp.com\/bureaumarket\/shop\/\",\"url\":\"https:\/\/solistarp.com\/bureaumarket\/shop\/\",\"name\":\"Magasin\"}},{\"@type\":\"ListItem\",\"position\":3,\"item\":{\"@type\":\"WebPage\",\"@id\":\"https:\/\/solistarp.com\/bureaumarket\/product\/bureau-luca-juzi-chene-gris-et-blanc\/\",\"url\":\"https:\/\/solistarp.com\/bureaumarket\/product\/bureau-luca-juzi-chene-gris-et-blanc\/\",\"name\":\"Bureau LUCA JUZI Ch\\u00eane Gris et blanc\"}}]}]}<\/script>\n<!-- \/ Yoast SEO plugin. -->","_links":{"self":[{"href":"https:\/\/solistarp.com\/bureaumarket\/wp-json\/wp\/v2\/product\/8817"}],"collection":[{"href":"https:\/\/solistarp.com\/bureaumarket\/wp-json\/wp\/v2\/product"}],"about":[{"href":"https:\/\/solistarp.com\/bureaumarket\/wp-json\/wp\/v2\/types\/product"}],"replies":[{"embeddable":true,"href":"https:\/\/solistarp.com\/bureaumarket\/wp-json\/wp\/v2\/comments?post=8817"}],"wp:featuredmedia":[{"embeddable":true,"href":"https:\/\/solistarp.com\/bureaumarket\/wp-json\/wp\/v2\/media\/8838"}],"wp:attachment":[{"href":"https:\/\/solistarp.com\/bureaumarket\/wp-json\/wp\/v2\/media?parent=8817"}],"curies":[{"name":"wp","href":"https:\/\/api.w.org\/{rel}","templated":true}]}}