{"id":7691,"date":"2020-12-18T09:49:10","date_gmt":"2020-12-18T09:49:10","guid":{"rendered":"https:\/\/demo2wpopal.b-cdn.net\/ekommart\/shop\/awesome-wooden-computer\/"},"modified":"2021-03-02T00:59:49","modified_gmt":"2021-03-01T23:59:49","slug":"awesome-wooden-computer","status":"publish","type":"product","link":"https:\/\/solistarp.com\/bureaumarket\/product\/awesome-wooden-computer\/","title":{"rendered":"Fauteuil pr\u00e9sident en m\u00e8che"},"content":{"rendered":"<div class=\"rte\">\n<p>Station 2 places en bois m\u00e9lamin\u00e9, Dim:1400*1200*750,<\/p>\n<p>compos\u00e9 de 2 bureaux chacun de Dim:1400x600x750mm,<\/p>\n<p>d&#8217;un c\u00f4t\u00e9 pos\u00e9 sur un caisson \u00e0 3 tiroirs avec pi\u00e9tementset de l&#8217;autre c\u00f4t\u00e9 pos\u00e9 sur une<\/p>\n<p>niche avec une porte battante, support clavier coulissant.<\/p>\n<p>(Couleur: Fr\u00eane)<\/p>\n<\/div>\n","protected":false},"excerpt":{"rendered":"<p>Rerum eos aperiam autem tempore. Ut dolor doloribus veritatis aut ipsum nesciunt. Excepturi iusto animi recusandae est consequuntur totam. Quam porro nemo sed a ea.<\/p>\n","protected":false},"featured_media":8843,"comment_status":"closed","ping_status":"closed","template":"","meta":[],"yoast_head":"<!-- This site is optimized with the Yoast SEO plugin v15.9.2 - https:\/\/yoast.com\/wordpress\/plugins\/seo\/ -->\n<title>Fauteuil pr\u00e9sident en m\u00e8che - Bureau Market<\/title>\n<meta name=\"robots\" content=\"index, follow, max-snippet:-1, max-image-preview:large, max-video-preview:-1\" \/>\n<link rel=\"canonical\" href=\"https:\/\/solistarp.com\/bureaumarket\/product\/awesome-wooden-computer\/\" \/>\n<meta property=\"og:locale\" content=\"fr_FR\" \/>\n<meta property=\"og:type\" content=\"article\" \/>\n<meta property=\"og:title\" content=\"Fauteuil pr\u00e9sident en m\u00e8che - Bureau Market\" \/>\n<meta property=\"og:description\" content=\"Rerum eos aperiam autem tempore. Ut dolor doloribus veritatis aut ipsum nesciunt. Excepturi iusto animi recusandae est consequuntur totam. Quam porro nemo sed a ea.\" \/>\n<meta property=\"og:url\" content=\"https:\/\/solistarp.com\/bureaumarket\/product\/awesome-wooden-computer\/\" \/>\n<meta property=\"og:site_name\" content=\"Bureau Market\" \/>\n<meta property=\"article:modified_time\" content=\"2021-03-01T23:59:49+00:00\" \/>\n<meta property=\"og:image\" content=\"https:\/\/solistarp.com\/bureaumarket\/wp-content\/uploads\/2020\/12\/Untitled-31.png\" \/>\n\t<meta property=\"og:image:width\" content=\"300\" \/>\n\t<meta property=\"og:image:height\" content=\"300\" \/>\n<meta name=\"twitter:card\" content=\"summary_large_image\" \/>\n<script type=\"application\/ld+json\" class=\"yoast-schema-graph\">{\"@context\":\"https:\/\/schema.org\",\"@graph\":[{\"@type\":\"WebSite\",\"@id\":\"https:\/\/solistarp.com\/bureaumarket\/#website\",\"url\":\"https:\/\/solistarp.com\/bureaumarket\/\",\"name\":\"Bureau Market\",\"description\":\"\",\"potentialAction\":[{\"@type\":\"SearchAction\",\"target\":\"https:\/\/solistarp.com\/bureaumarket\/?s={search_term_string}\",\"query-input\":\"required name=search_term_string\"}],\"inLanguage\":\"fr-FR\"},{\"@type\":\"ImageObject\",\"@id\":\"https:\/\/solistarp.com\/bureaumarket\/product\/awesome-wooden-computer\/#primaryimage\",\"inLanguage\":\"fr-FR\",\"url\":\"https:\/\/solistarp.com\/bureaumarket\/wp-content\/uploads\/2020\/12\/Untitled-31.png\",\"width\":300,\"height\":300},{\"@type\":\"WebPage\",\"@id\":\"https:\/\/solistarp.com\/bureaumarket\/product\/awesome-wooden-computer\/#webpage\",\"url\":\"https:\/\/solistarp.com\/bureaumarket\/product\/awesome-wooden-computer\/\",\"name\":\"Fauteuil pr\\u00e9sident en m\\u00e8che - Bureau Market\",\"isPartOf\":{\"@id\":\"https:\/\/solistarp.com\/bureaumarket\/#website\"},\"primaryImageOfPage\":{\"@id\":\"https:\/\/solistarp.com\/bureaumarket\/product\/awesome-wooden-computer\/#primaryimage\"},\"datePublished\":\"2020-12-18T09:49:10+00:00\",\"dateModified\":\"2021-03-01T23:59:49+00:00\",\"breadcrumb\":{\"@id\":\"https:\/\/solistarp.com\/bureaumarket\/product\/awesome-wooden-computer\/#breadcrumb\"},\"inLanguage\":\"fr-FR\",\"potentialAction\":[{\"@type\":\"ReadAction\",\"target\":[\"https:\/\/solistarp.com\/bureaumarket\/product\/awesome-wooden-computer\/\"]}]},{\"@type\":\"BreadcrumbList\",\"@id\":\"https:\/\/solistarp.com\/bureaumarket\/product\/awesome-wooden-computer\/#breadcrumb\",\"itemListElement\":[{\"@type\":\"ListItem\",\"position\":1,\"item\":{\"@type\":\"WebPage\",\"@id\":\"https:\/\/solistarp.com\/bureaumarket\/\",\"url\":\"https:\/\/solistarp.com\/bureaumarket\/\",\"name\":\"Home\"}},{\"@type\":\"ListItem\",\"position\":2,\"item\":{\"@type\":\"WebPage\",\"@id\":\"https:\/\/solistarp.com\/bureaumarket\/shop\/\",\"url\":\"https:\/\/solistarp.com\/bureaumarket\/shop\/\",\"name\":\"Magasin\"}},{\"@type\":\"ListItem\",\"position\":3,\"item\":{\"@type\":\"WebPage\",\"@id\":\"https:\/\/solistarp.com\/bureaumarket\/product\/awesome-wooden-computer\/\",\"url\":\"https:\/\/solistarp.com\/bureaumarket\/product\/awesome-wooden-computer\/\",\"name\":\"Fauteuil pr\\u00e9sident en m\\u00e8che\"}}]}]}<\/script>\n<!-- \/ Yoast SEO plugin. -->","_links":{"self":[{"href":"https:\/\/solistarp.com\/bureaumarket\/wp-json\/wp\/v2\/product\/7691"}],"collection":[{"href":"https:\/\/solistarp.com\/bureaumarket\/wp-json\/wp\/v2\/product"}],"about":[{"href":"https:\/\/solistarp.com\/bureaumarket\/wp-json\/wp\/v2\/types\/product"}],"replies":[{"embeddable":true,"href":"https:\/\/solistarp.com\/bureaumarket\/wp-json\/wp\/v2\/comments?post=7691"}],"wp:featuredmedia":[{"embeddable":true,"href":"https:\/\/solistarp.com\/bureaumarket\/wp-json\/wp\/v2\/media\/8843"}],"wp:attachment":[{"href":"https:\/\/solistarp.com\/bureaumarket\/wp-json\/wp\/v2\/media?parent=7691"}],"curies":[{"name":"wp","href":"https:\/\/api.w.org\/{rel}","templated":true}]}}